{"id":188,"date":"2020-01-17T15:37:46","date_gmt":"2020-01-17T15:37:46","guid":{"rendered":"http:\/\/www.aussichselbstheraus.de\/?page_id=188"},"modified":"2023-12-16T19:21:59","modified_gmt":"2023-12-16T19:21:59","slug":"bewusstseinsprodukte","status":"publish","type":"page","link":"http:\/\/www.aussichselbstheraus.de\/?page_id=188","title":{"rendered":"Sch\u00f6pferkraft-Chip"},"content":{"rendered":"\t\t<div data-elementor-type=\"wp-page\" data-elementor-id=\"188\" class=\"elementor elementor-188\">\n\t\t\t\t\t\t<section class=\"elementor-section elementor-top-section elementor-element elementor-element-2c407af elementor-section-boxed elementor-section-height-default elementor-section-height-default\" data-id=\"2c407af\" data-element_type=\"section\">\n\t\t\t\t\t\t<div class=\"elementor-container elementor-column-gap-default\">\n\t\t\t\t\t<div class=\"elementor-column elementor-col-100 elementor-top-column elementor-element elementor-element-6a66076\" data-id=\"6a66076\" data-element_type=\"column\">\n\t\t\t<div class=\"elementor-widget-wrap elementor-element-populated\">\n\t\t\t\t\t\t<div class=\"elementor-element elementor-element-cd52e65 elementor-widget elementor-widget-heading\" data-id=\"cd52e65\" data-element_type=\"widget\" data-widget_type=\"heading.default\">\n\t\t\t\t<div class=\"elementor-widget-container\">\n\t\t\t<h2 class=\"elementor-heading-title elementor-size-medium\">Sch\u00f6pferkraft-Chip<\/h2>\t\t<\/div>\n\t\t\t\t<\/div>\n\t\t\t\t\t<\/div>\n\t\t<\/div>\n\t\t\t\t\t<\/div>\n\t\t<\/section>\n\t\t\t\t<section class=\"elementor-section elementor-top-section elementor-element elementor-element-f1ea625 elementor-section-boxed elementor-section-height-default elementor-section-height-default\" data-id=\"f1ea625\" data-element_type=\"section\">\n\t\t\t\t\t\t<div class=\"elementor-container elementor-column-gap-default\">\n\t\t\t\t\t<div class=\"elementor-column elementor-col-100 elementor-top-column elementor-element elementor-element-9ac69dc\" data-id=\"9ac69dc\" data-element_type=\"column\">\n\t\t\t<div class=\"elementor-widget-wrap elementor-element-populated\">\n\t\t\t\t\t\t<div class=\"elementor-element elementor-element-9a6b2e1 elementor-widget elementor-widget-image\" data-id=\"9a6b2e1\" data-element_type=\"widget\" data-widget_type=\"image.default\">\n\t\t\t\t<div class=\"elementor-widget-container\">\n\t\t\t\t\t\t\t\t\t\t\t\t\t<img decoding=\"async\" src=\"http:\/\/www.aussichselbstheraus.de\/wp-content\/uploads\/elementor\/thumbs\/Medallions-foto-bearbeitet-ojt3xdx977f2fwra3rx0ommqsk7shzz7hjl6nh5tq0.png\" title=\"Medallions foto bearbeitet\" alt=\"Medallions foto bearbeitet\" loading=\"lazy\" \/>\t\t\t\t\t\t\t\t\t\t\t\t\t<\/div>\n\t\t\t\t<\/div>\n\t\t\t\t\t<\/div>\n\t\t<\/div>\n\t\t\t\t\t<\/div>\n\t\t<\/section>\n\t\t\t\t<section class=\"elementor-section elementor-top-section elementor-element elementor-element-d791454 elementor-section-boxed elementor-section-height-default elementor-section-height-default\" data-id=\"d791454\" data-element_type=\"section\">\n\t\t\t\t\t\t<div class=\"elementor-container elementor-column-gap-default\">\n\t\t\t\t\t<div class=\"elementor-column elementor-col-100 elementor-top-column elementor-element elementor-element-291a648\" data-id=\"291a648\" data-element_type=\"column\">\n\t\t\t<div class=\"elementor-widget-wrap elementor-element-populated\">\n\t\t\t\t\t\t<div class=\"elementor-element elementor-element-bdc03ab elementor-widget elementor-widget-spacer\" data-id=\"bdc03ab\" data-element_type=\"widget\" data-widget_type=\"spacer.default\">\n\t\t\t\t<div class=\"elementor-widget-container\">\n\t\t\t\t\t<div class=\"elementor-spacer\">\n\t\t\t<div class=\"elementor-spacer-inner\"><\/div>\n\t\t<\/div>\n\t\t\t\t<\/div>\n\t\t\t\t<\/div>\n\t\t\t\t\t<\/div>\n\t\t<\/div>\n\t\t\t\t\t<\/div>\n\t\t<\/section>\n\t\t\t\t<section class=\"elementor-section elementor-top-section elementor-element elementor-element-33161be elementor-section-boxed elementor-section-height-default elementor-section-height-default\" data-id=\"33161be\" data-element_type=\"section\">\n\t\t\t\t\t\t<div class=\"elementor-container elementor-column-gap-default\">\n\t\t\t\t\t<div class=\"elementor-column elementor-col-100 elementor-top-column elementor-element elementor-element-32dfce4\" data-id=\"32dfce4\" data-element_type=\"column\">\n\t\t\t<div class=\"elementor-widget-wrap elementor-element-populated\">\n\t\t\t\t\t\t<div class=\"elementor-element elementor-element-87d5e9f elementor-align-justify elementor-widget elementor-widget-button\" data-id=\"87d5e9f\" data-element_type=\"widget\" data-widget_type=\"button.default\">\n\t\t\t\t<div class=\"elementor-widget-container\">\n\t\t\t\t\t<div class=\"elementor-button-wrapper\">\n\t\t\t<a class=\"elementor-button elementor-button-link elementor-size-xs\" href=\"http:\/\/www.aussichselbstheraus.de\/kontakt\/\" target=\"_blank\">\n\t\t\t\t\t\t<span class=\"elementor-button-content-wrapper\">\n\t\t\t\t\t\t\t\t\t<span class=\"elementor-button-text\">Hier bestellen<\/span>\n\t\t\t\t\t<\/span>\n\t\t\t\t\t<\/a>\n\t\t<\/div>\n\t\t\t\t<\/div>\n\t\t\t\t<\/div>\n\t\t\t\t\t<\/div>\n\t\t<\/div>\n\t\t\t\t\t<\/div>\n\t\t<\/section>\n\t\t\t\t<section class=\"elementor-section elementor-top-section elementor-element elementor-element-5d3a787 elementor-section-boxed elementor-section-height-default elementor-section-height-default\" data-id=\"5d3a787\" data-element_type=\"section\">\n\t\t\t\t\t\t<div class=\"elementor-container elementor-column-gap-default\">\n\t\t\t\t\t<div class=\"elementor-column elementor-col-100 elementor-top-column elementor-element elementor-element-933bf37\" data-id=\"933bf37\" data-element_type=\"column\">\n\t\t\t<div class=\"elementor-widget-wrap elementor-element-populated\">\n\t\t\t\t\t\t<div class=\"elementor-element elementor-element-22d9d96 elementor-widget elementor-widget-spacer\" data-id=\"22d9d96\" data-element_type=\"widget\" data-widget_type=\"spacer.default\">\n\t\t\t\t<div class=\"elementor-widget-container\">\n\t\t\t\t\t<div class=\"elementor-spacer\">\n\t\t\t<div class=\"elementor-spacer-inner\"><\/div>\n\t\t<\/div>\n\t\t\t\t<\/div>\n\t\t\t\t<\/div>\n\t\t\t\t\t<\/div>\n\t\t<\/div>\n\t\t\t\t\t<\/div>\n\t\t<\/section>\n\t\t\t\t<section class=\"elementor-section elementor-top-section elementor-element elementor-element-1a6e95a elementor-section-boxed elementor-section-height-default elementor-section-height-default\" data-id=\"1a6e95a\" data-element_type=\"section\">\n\t\t\t\t\t\t<div class=\"elementor-container elementor-column-gap-default\">\n\t\t\t\t\t<div class=\"elementor-column elementor-col-100 elementor-top-column elementor-element elementor-element-5479bfa\" data-id=\"5479bfa\" data-element_type=\"column\">\n\t\t\t<div class=\"elementor-widget-wrap elementor-element-populated\">\n\t\t\t\t\t\t<div class=\"elementor-element elementor-element-cc866af elementor-widget elementor-widget-text-editor\" data-id=\"cc866af\" data-element_type=\"widget\" data-widget_type=\"text-editor.default\">\n\t\t\t\t<div class=\"elementor-widget-container\">\n\t\t\t\t\t\t\t<p>Der<strong> Sch\u00f6pferkraft Chip<\/strong> ist ein <strong>individuelles Bewusstseinsprodukt<\/strong>, das mit dem eigenem Bewusstsein arbeitet.<\/p><p>Die<strong>\u00a0Informierung <\/strong>auf dem Amulett\u00a0bringt dich in dein Bewusstsein zu dir selbst. Sie unterst\u00fctzt dich, <strong>\u00fcber die Erinnerung an dich, in dein eigenes Bewusstsein zu dir zu kommen. <\/strong>Dabei <strong>erinnerst <\/strong>du dich<strong> an deine Sch\u00f6pferkraft <\/strong>im Alltag. Du \u00a0<strong>aktivierst<\/strong> deinen absoluten <strong>Wert<\/strong>, deine absolute <strong>Gr\u00f6\u00dfe<\/strong> und deine absolute<strong> Macht und handelst<\/strong> immer\u00a0<strong>bewusster <\/strong>aus dir. Dadurch k\u00f6nnen sich ebenfalls deine <strong>Selbstheilungskr\u00e4fte aktivieren<\/strong> und du gehst in eine <strong>Harmonie<\/strong> mit dir. Dieses bringt dich in <strong>deine Zentrierung<\/strong> und <strong>Klarheit<\/strong>. Es wirkt immer in der <strong>Verbindung<\/strong> von der <strong>physischen<\/strong> und <strong>energetischen<\/strong> Ebene.<\/p><p>Der Sch\u00f6pferkraft-Chip <strong>wirkt in deinem eigenen Raum<\/strong>, dort wo du dich bewegst und der darin lebenden <strong>Tiere mit ein<\/strong>. Der Sch\u00f6pferkraft-Chip ist an einem von uns installierten <strong>Informations-Feld angeschlossen<\/strong>. Stell dir ein mit Informationen programmiertes Gitternetz in einem Feld (Raum) vor. Diese Informationen werden <strong>vom Chip permanent gespiegelt<\/strong> und der Inhaber erinnert sich bewusst an seine sch\u00f6pferische Kraft, seinen absoluten Wert, Macht und Gr\u00f6\u00dfe und <strong>aktiviert es \u00fcber die eigene Bewusstseinsaktiviet\u00e4t<\/strong>..<\/p><p>Zur Auswahl stehen zwei Farben des von Claus entworfenen Symbol. Der Anh\u00e4nger ist aus einem versilberten Metallgu\u00dfteil, mit einem Nylon\/Cordband in schwarz. Tipp, du kannst es auch als Schl\u00fcsselanh\u00e4nger verwenden.\u00a0<\/p><p><span style=\"text-decoration: underline;\"><strong>Erh\u00e4ltlich als:<\/strong><\/span><\/p><ul><li><strong>Chip als Amulett<\/strong> welches als Kette oder als Anh\u00e4nger an Taschen, Schl\u00fcssel, etc. getragen werden kann sowie in der Hosentasche. Der Kreativit\u00e4t sind keine Grenzen gesetzt.\u00a0<\/li><\/ul><p><strong><span style=\"text-decoration: underline;\">Preis: Chip als Amulett:\u00a0<\/span><\/strong><span style=\"text-decoration: underline;\"><strong>85,-\u20ac <\/strong><\/span><\/p><p><strong>Hinweise:<\/strong><\/p><p>Bitte gib immer bei der Bestellung an welche Farbe du haben m\u00f6chtest und deine komplette Adresse f\u00fcr die Rechnungsstellung und Zusendung mit an.<\/p><p>Der Chip sollte f\u00fcr 60-90 Tage in unmittelbarer N\u00e4he getragen werden und wichtig ist, danach immer mal wieder auffrischen durch in der N\u00e4he bei sich tragen oder nach Bedarf auf die Signale des K\u00f6rpers h\u00f6ren.<\/p><p>Bei Fragen wende dich gerne per <a href=\"post@aussichselbstheraus.de\">mail<\/a> an uns oder vereinbare ein 10 min, kostenloses Informationsgespr\u00e4ch.<\/p><p>Deine Dani und Claus<\/p>\t\t\t\t\t\t<\/div>\n\t\t\t\t<\/div>\n\t\t\t\t<div class=\"elementor-element elementor-element-7905c58 elementor-align-justify elementor-widget elementor-widget-button\" data-id=\"7905c58\" data-element_type=\"widget\" data-widget_type=\"button.default\">\n\t\t\t\t<div class=\"elementor-widget-container\">\n\t\t\t\t\t<div class=\"elementor-button-wrapper\">\n\t\t\t<a class=\"elementor-button elementor-button-link elementor-size-xs\" href=\"http:\/\/www.aussichselbstheraus.de\/kontakt\/\" target=\"_blank\">\n\t\t\t\t\t\t<span class=\"elementor-button-content-wrapper\">\n\t\t\t\t\t\t\t\t\t<span class=\"elementor-button-text\">Hier bestellen<\/span>\n\t\t\t\t\t<\/span>\n\t\t\t\t\t<\/a>\n\t\t<\/div>\n\t\t\t\t<\/div>\n\t\t\t\t<\/div>\n\t\t\t\t\t<\/div>\n\t\t<\/div>\n\t\t\t\t\t<\/div>\n\t\t<\/section>\n\t\t\t\t<\/div>\n\t\t","protected":false},"excerpt":{"rendered":"<p>Sch\u00f6pferkraft-Chip Hier bestellen Der Sch\u00f6pferkraft Chip ist ein individuelles Bewusstseinsprodukt, das mit dem eigenem Bewusstsein arbeitet. Die\u00a0Informierung auf dem Amulett\u00a0bringt dich in dein Bewusstsein zu dir selbst. Sie unterst\u00fctzt dich, \u00fcber die Erinnerung an dich, in dein eigenes Bewusstsein zu dir zu kommen. Dabei erinnerst du dich an deine Sch\u00f6pferkraft im Alltag. Du \u00a0aktivierst deinen [&hellip;]<\/p>\n","protected":false},"author":1,"featured_media":0,"parent":0,"menu_order":0,"comment_status":"closed","ping_status":"closed","template":"","meta":{"ocean_post_layout":"full-screen","ocean_both_sidebars_style":"","ocean_both_sidebars_content_width":0,"ocean_both_sidebars_sidebars_width":0,"ocean_sidebar":"0","ocean_second_sidebar":"0","ocean_disable_margins":"enable","ocean_add_body_class":"","ocean_shortcode_before_top_bar":"","ocean_shortcode_after_top_bar":"","ocean_shortcode_before_header":"","ocean_shortcode_after_header":"","ocean_has_shortcode":"","ocean_shortcode_after_title":"","ocean_shortcode_before_footer_widgets":"","ocean_shortcode_after_footer_widgets":"","ocean_shortcode_before_footer_bottom":"","ocean_shortcode_after_footer_bottom":"","ocean_display_top_bar":"on","ocean_display_header":"on","ocean_header_style":"top","ocean_center_header_left_menu":"0","ocean_custom_header_template":"0","ocean_custom_logo":0,"ocean_custom_retina_logo":0,"ocean_custom_logo_max_width":0,"ocean_custom_logo_tablet_max_width":0,"ocean_custom_logo_mobile_max_width":0,"ocean_custom_logo_max_height":0,"ocean_custom_logo_tablet_max_height":0,"ocean_custom_logo_mobile_max_height":0,"ocean_header_custom_menu":"0","ocean_menu_typo_font_family":"0","ocean_menu_typo_font_subset":"","ocean_menu_typo_font_size":0,"ocean_menu_typo_font_size_tablet":0,"ocean_menu_typo_font_size_mobile":0,"ocean_menu_typo_font_size_unit":"px","ocean_menu_typo_font_weight":"","ocean_menu_typo_font_weight_tablet":"","ocean_menu_typo_font_weight_mobile":"","ocean_menu_typo_transform":"","ocean_menu_typo_transform_tablet":"","ocean_menu_typo_transform_mobile":"","ocean_menu_typo_line_height":0,"ocean_menu_typo_line_height_tablet":0,"ocean_menu_typo_line_height_mobile":0,"ocean_menu_typo_line_height_unit":"","ocean_menu_typo_spacing":0,"ocean_menu_typo_spacing_tablet":0,"ocean_menu_typo_spacing_mobile":0,"ocean_menu_typo_spacing_unit":"","ocean_menu_link_color":"","ocean_menu_link_color_hover":"","ocean_menu_link_color_active":"","ocean_menu_link_background":"","ocean_menu_link_hover_background":"","ocean_menu_link_active_background":"","ocean_menu_social_links_bg":"","ocean_menu_social_hover_links_bg":"","ocean_menu_social_links_color":"","ocean_menu_social_hover_links_color":"","ocean_disable_title":"on","ocean_disable_heading":"default","ocean_post_title":"","ocean_post_subheading":"","ocean_post_title_style":"","ocean_post_title_background_color":"","ocean_post_title_background":0,"ocean_post_title_bg_image_position":"","ocean_post_title_bg_image_attachment":"","ocean_post_title_bg_image_repeat":"","ocean_post_title_bg_image_size":"","ocean_post_title_height":0,"ocean_post_title_bg_overlay":0.5,"ocean_post_title_bg_overlay_color":"","ocean_disable_breadcrumbs":"default","ocean_breadcrumbs_color":"","ocean_breadcrumbs_separator_color":"","ocean_breadcrumbs_links_color":"","ocean_breadcrumbs_links_hover_color":"","ocean_display_footer_widgets":"default","ocean_display_footer_bottom":"default","ocean_custom_footer_template":"0","footnotes":""},"_links":{"self":[{"href":"http:\/\/www.aussichselbstheraus.de\/index.php?rest_route=\/wp\/v2\/pages\/188"}],"collection":[{"href":"http:\/\/www.aussichselbstheraus.de\/index.php?rest_route=\/wp\/v2\/pages"}],"about":[{"href":"http:\/\/www.aussichselbstheraus.de\/index.php?rest_route=\/wp\/v2\/types\/page"}],"author":[{"embeddable":true,"href":"http:\/\/www.aussichselbstheraus.de\/index.php?rest_route=\/wp\/v2\/users\/1"}],"replies":[{"embeddable":true,"href":"http:\/\/www.aussichselbstheraus.de\/index.php?rest_route=%2Fwp%2Fv2%2Fcomments&post=188"}],"version-history":[{"count":66,"href":"http:\/\/www.aussichselbstheraus.de\/index.php?rest_route=\/wp\/v2\/pages\/188\/revisions"}],"predecessor-version":[{"id":1262,"href":"http:\/\/www.aussichselbstheraus.de\/index.php?rest_route=\/wp\/v2\/pages\/188\/revisions\/1262"}],"wp:attachment":[{"href":"http:\/\/www.aussichselbstheraus.de\/index.php?rest_route=%2Fwp%2Fv2%2Fmedia&parent=188"}],"curies":[{"name":"wp","href":"https:\/\/api.w.org\/{rel}","templated":true}]}}