{"id":337,"date":"2020-02-11T17:24:29","date_gmt":"2020-02-11T17:24:29","guid":{"rendered":"http:\/\/www.aussichselbstheraus.de\/?page_id=337"},"modified":"2023-12-16T18:56:23","modified_gmt":"2023-12-16T18:56:23","slug":"beratung","status":"publish","type":"page","link":"http:\/\/www.aussichselbstheraus.de\/?page_id=337","title":{"rendered":"Beratung"},"content":{"rendered":"\t\t<div data-elementor-type=\"wp-page\" data-elementor-id=\"337\" class=\"elementor elementor-337\">\n\t\t\t\t\t\t<section class=\"elementor-section elementor-top-section elementor-element elementor-element-268f59a elementor-section-boxed elementor-section-height-default elementor-section-height-default\" data-id=\"268f59a\" data-element_type=\"section\">\n\t\t\t\t\t\t<div class=\"elementor-container elementor-column-gap-default\">\n\t\t\t\t\t<div class=\"elementor-column elementor-col-100 elementor-top-column elementor-element elementor-element-d8c3ab0\" data-id=\"d8c3ab0\" data-element_type=\"column\">\n\t\t\t<div class=\"elementor-widget-wrap elementor-element-populated\">\n\t\t\t\t\t\t<div class=\"elementor-element elementor-element-904b6c2 elementor-widget elementor-widget-heading\" data-id=\"904b6c2\" data-element_type=\"widget\" data-widget_type=\"heading.default\">\n\t\t\t\t<div class=\"elementor-widget-container\">\n\t\t\t<h2 class=\"elementor-heading-title elementor-size-medium\">Beratung bei Dani oder Claus<\/h2>\t\t<\/div>\n\t\t\t\t<\/div>\n\t\t\t\t\t<\/div>\n\t\t<\/div>\n\t\t\t\t\t<\/div>\n\t\t<\/section>\n\t\t\t\t<section class=\"elementor-section elementor-top-section elementor-element elementor-element-3297679 elementor-section-boxed elementor-section-height-default elementor-section-height-default\" data-id=\"3297679\" data-element_type=\"section\">\n\t\t\t\t\t\t<div class=\"elementor-container elementor-column-gap-default\">\n\t\t\t\t\t<div class=\"elementor-column elementor-col-100 elementor-top-column elementor-element elementor-element-930f3db\" data-id=\"930f3db\" data-element_type=\"column\">\n\t\t\t<div class=\"elementor-widget-wrap elementor-element-populated\">\n\t\t\t\t\t\t<div class=\"elementor-element elementor-element-d65b49c elementor-widget elementor-widget-image\" data-id=\"d65b49c\" data-element_type=\"widget\" data-widget_type=\"image.default\">\n\t\t\t\t<div class=\"elementor-widget-container\">\n\t\t\t\t\t\t\t\t\t\t\t\t\t<img decoding=\"async\" src=\"http:\/\/www.aussichselbstheraus.de\/wp-content\/uploads\/elementor\/thumbs\/4638adca-101c-47ca-bb2b-f62c462084c2-ol0sl14hkpyz98pl37udon7er1iuo15mqc6jkt7oaa.jpg\" title=\"4638adca-101c-47ca-bb2b-f62c462084c2\" alt=\"4638adca-101c-47ca-bb2b-f62c462084c2\" loading=\"lazy\" \/>\t\t\t\t\t\t\t\t\t\t\t\t\t<\/div>\n\t\t\t\t<\/div>\n\t\t\t\t\t<\/div>\n\t\t<\/div>\n\t\t\t\t\t<\/div>\n\t\t<\/section>\n\t\t\t\t<section class=\"elementor-section elementor-top-section elementor-element elementor-element-55d9e99 elementor-section-boxed elementor-section-height-default elementor-section-height-default\" data-id=\"55d9e99\" data-element_type=\"section\">\n\t\t\t\t\t\t<div class=\"elementor-container elementor-column-gap-default\">\n\t\t\t\t\t<div class=\"elementor-column elementor-col-33 elementor-top-column elementor-element elementor-element-fd88f93\" data-id=\"fd88f93\" data-element_type=\"column\">\n\t\t\t<div class=\"elementor-widget-wrap elementor-element-populated\">\n\t\t\t\t\t\t<div class=\"elementor-element elementor-element-abd6408 elementor-widget elementor-widget-text-editor\" data-id=\"abd6408\" data-element_type=\"widget\" data-widget_type=\"text-editor.default\">\n\t\t\t\t<div class=\"elementor-widget-container\">\n\t\t\t\t\t\t\t<p>Kommunikation nach Wahl:per Skype oder Telefon<\/p><ul><li>30 min. 55 \u20ac\u00a0<\/li><li>45 min. 82 \u20ac\u00a0<\/li><li>60 min. 110 \u20ac<\/li><\/ul><p>+ 5 min kostenlose Verabschiedungszeit\u00a0<\/p><p>Zur Verl\u00e4ngerung stehen 15 min. zur Verf\u00fcgung,\u00a0jede weitere Minute 1,80 \u20ac.<\/p>\t\t\t\t\t\t<\/div>\n\t\t\t\t<\/div>\n\t\t\t\t<div class=\"elementor-element elementor-element-1c0b59b elementor-align-right elementor-widget elementor-widget-button\" data-id=\"1c0b59b\" data-element_type=\"widget\" data-widget_type=\"button.default\">\n\t\t\t\t<div class=\"elementor-widget-container\">\n\t\t\t\t\t<div class=\"elementor-button-wrapper\">\n\t\t\t<a class=\"elementor-button elementor-button-link elementor-size-xs\" href=\"http:\/\/www.aussichselbstheraus.de\/kontakt\/\" target=\"_blank\">\n\t\t\t\t\t\t<span class=\"elementor-button-content-wrapper\">\n\t\t\t\t\t\t\t\t\t<span class=\"elementor-button-text\">Hier buchen<\/span>\n\t\t\t\t\t<\/span>\n\t\t\t\t\t<\/a>\n\t\t<\/div>\n\t\t\t\t<\/div>\n\t\t\t\t<\/div>\n\t\t\t\t\t<\/div>\n\t\t<\/div>\n\t\t\t\t<div class=\"elementor-column elementor-col-66 elementor-top-column elementor-element elementor-element-3016da1\" data-id=\"3016da1\" data-element_type=\"column\">\n\t\t\t<div class=\"elementor-widget-wrap elementor-element-populated\">\n\t\t\t\t\t\t<div class=\"elementor-element elementor-element-0c71a7a elementor-widget elementor-widget-text-editor\" data-id=\"0c71a7a\" data-element_type=\"widget\" data-widget_type=\"text-editor.default\">\n\t\t\t\t<div class=\"elementor-widget-container\">\n\t\t\t\t\t\t\t<p>Es ist immer wieder wundervoll die Ver\u00e4nderung eines jedem in einer Beratung \u00a0zu beobachten und die Freude und Harmonie am Ende der Sitzung.<\/p><p>Eine Beratung bei uns hat zum Ziel, in einer Leichtigkeit neue Klarheit in deinem Anliegen zu erhalten. Dabei wirst du l\u00f6sungsorientiert in die Selbsterkenntnis begleitet. Es geschieht ein neutrales wahrnehmen aus sich selbst heraus, sich und die eventuell Beteiligungen Menschen oder Tiere, in der Situation aus einem neuen Blickwinkel zu beobachten. Die L\u00f6sung der Situation beinhaltet das Erkennen von sich Selbst. Gemeinsam entwickeln wir einen neuen Weg wie du den Umgang in der Situation ver\u00e4ndern kannst.<\/p><p>Du trittst in eine bewusste Haltung zu dir selbst und gehst in die Ver\u00e4nderung \u201eaus mir selbst heraus\u201c. Dabei entsteht ein Weg von der Unklarheit in die Klarheit. Die gef\u00fchlte Gel\u00e4hmtheit in der Situation kann sich l\u00f6sen und es geht in die Bewegung rein. Das kann Leichtigkeit und ein fliessen mit sich selber bringen.\u00a0<\/p><p>Hast du einfach allgemeine Fragen an uns, kannst du auch gerne einen Termin bei einem von uns buchen.<\/p><p>Bei Fragen vorab wende dich gerne per mail an uns. Wir freuen uns dich auf einem St\u00fcck deines Bewustseinsweg zu begleiten.<\/p>\t\t\t\t\t\t<\/div>\n\t\t\t\t<\/div>\n\t\t\t\t\t<\/div>\n\t\t<\/div>\n\t\t\t\t\t<\/div>\n\t\t<\/section>\n\t\t\t\t<\/div>\n\t\t","protected":false},"excerpt":{"rendered":"<p>Beratung bei Dani oder Claus Kommunikation nach Wahl:per Skype oder Telefon 30 min. 55 \u20ac\u00a0 45 min. 82 \u20ac\u00a0 60 min. 110 \u20ac + 5 min kostenlose Verabschiedungszeit\u00a0 Zur Verl\u00e4ngerung stehen 15 min. zur Verf\u00fcgung,\u00a0jede weitere Minute 1,80 \u20ac. Hier buchen Es ist immer wieder wundervoll die Ver\u00e4nderung eines jedem in einer Beratung \u00a0zu beobachten [&hellip;]<\/p>\n","protected":false},"author":1,"featured_media":0,"parent":0,"menu_order":0,"comment_status":"closed","ping_status":"closed","template":"","meta":{"ocean_post_layout":"full-screen","ocean_both_sidebars_style":"","ocean_both_sidebars_content_width":0,"ocean_both_sidebars_sidebars_width":0,"ocean_sidebar":"0","ocean_second_sidebar":"0","ocean_disable_margins":"enable","ocean_add_body_class":"","ocean_shortcode_before_top_bar":"","ocean_shortcode_after_top_bar":"","ocean_shortcode_before_header":"","ocean_shortcode_after_header":"","ocean_has_shortcode":"","ocean_shortcode_after_title":"","ocean_shortcode_before_footer_widgets":"","ocean_shortcode_after_footer_widgets":"","ocean_shortcode_before_footer_bottom":"","ocean_shortcode_after_footer_bottom":"","ocean_display_top_bar":"on","ocean_display_header":"on","ocean_header_style":"top","ocean_center_header_left_menu":"0","ocean_custom_header_template":"0","ocean_custom_logo":0,"ocean_custom_retina_logo":0,"ocean_custom_logo_max_width":0,"ocean_custom_logo_tablet_max_width":0,"ocean_custom_logo_mobile_max_width":0,"ocean_custom_logo_max_height":0,"ocean_custom_logo_tablet_max_height":0,"ocean_custom_logo_mobile_max_height":0,"ocean_header_custom_menu":"0","ocean_menu_typo_font_family":"0","ocean_menu_typo_font_subset":"","ocean_menu_typo_font_size":0,"ocean_menu_typo_font_size_tablet":0,"ocean_menu_typo_font_size_mobile":0,"ocean_menu_typo_font_size_unit":"px","ocean_menu_typo_font_weight":"","ocean_menu_typo_font_weight_tablet":"","ocean_menu_typo_font_weight_mobile":"","ocean_menu_typo_transform":"","ocean_menu_typo_transform_tablet":"","ocean_menu_typo_transform_mobile":"","ocean_menu_typo_line_height":0,"ocean_menu_typo_line_height_tablet":0,"ocean_menu_typo_line_height_mobile":0,"ocean_menu_typo_line_height_unit":"","ocean_menu_typo_spacing":0,"ocean_menu_typo_spacing_tablet":0,"ocean_menu_typo_spacing_mobile":0,"ocean_menu_typo_spacing_unit":"","ocean_menu_link_color":"","ocean_menu_link_color_hover":"","ocean_menu_link_color_active":"","ocean_menu_link_background":"","ocean_menu_link_hover_background":"","ocean_menu_link_active_background":"","ocean_menu_social_links_bg":"","ocean_menu_social_hover_links_bg":"","ocean_menu_social_links_color":"","ocean_menu_social_hover_links_color":"","ocean_disable_title":"on","ocean_disable_heading":"default","ocean_post_title":"","ocean_post_subheading":"","ocean_post_title_style":"","ocean_post_title_background_color":"","ocean_post_title_background":0,"ocean_post_title_bg_image_position":"","ocean_post_title_bg_image_attachment":"","ocean_post_title_bg_image_repeat":"","ocean_post_title_bg_image_size":"","ocean_post_title_height":0,"ocean_post_title_bg_overlay":0.5,"ocean_post_title_bg_overlay_color":"","ocean_disable_breadcrumbs":"default","ocean_breadcrumbs_color":"","ocean_breadcrumbs_separator_color":"","ocean_breadcrumbs_links_color":"","ocean_breadcrumbs_links_hover_color":"","ocean_display_footer_widgets":"default","ocean_display_footer_bottom":"default","ocean_custom_footer_template":"0","footnotes":""},"_links":{"self":[{"href":"http:\/\/www.aussichselbstheraus.de\/index.php?rest_route=\/wp\/v2\/pages\/337"}],"collection":[{"href":"http:\/\/www.aussichselbstheraus.de\/index.php?rest_route=\/wp\/v2\/pages"}],"about":[{"href":"http:\/\/www.aussichselbstheraus.de\/index.php?rest_route=\/wp\/v2\/types\/page"}],"author":[{"embeddable":true,"href":"http:\/\/www.aussichselbstheraus.de\/index.php?rest_route=\/wp\/v2\/users\/1"}],"replies":[{"embeddable":true,"href":"http:\/\/www.aussichselbstheraus.de\/index.php?rest_route=%2Fwp%2Fv2%2Fcomments&post=337"}],"version-history":[{"count":52,"href":"http:\/\/www.aussichselbstheraus.de\/index.php?rest_route=\/wp\/v2\/pages\/337\/revisions"}],"predecessor-version":[{"id":1270,"href":"http:\/\/www.aussichselbstheraus.de\/index.php?rest_route=\/wp\/v2\/pages\/337\/revisions\/1270"}],"wp:attachment":[{"href":"http:\/\/www.aussichselbstheraus.de\/index.php?rest_route=%2Fwp%2Fv2%2Fmedia&parent=337"}],"curies":[{"name":"wp","href":"https:\/\/api.w.org\/{rel}","templated":true}]}}