{"id":477,"date":"2020-02-22T17:20:23","date_gmt":"2020-02-22T17:20:23","guid":{"rendered":"http:\/\/www.aussichselbstheraus.de\/?page_id=477"},"modified":"2024-03-18T15:53:39","modified_gmt":"2024-03-18T15:53:39","slug":"lela-energy-massage","status":"publish","type":"page","link":"http:\/\/www.aussichselbstheraus.de\/?page_id=477","title":{"rendered":"Lela Lebensenergie by Daniela"},"content":{"rendered":"\t\t<div data-elementor-type=\"wp-page\" data-elementor-id=\"477\" class=\"elementor elementor-477\">\n\t\t\t\t\t\t<section class=\"elementor-section elementor-top-section elementor-element elementor-element-75e79da elementor-section-boxed elementor-section-height-default elementor-section-height-default\" data-id=\"75e79da\" data-element_type=\"section\">\n\t\t\t\t\t\t<div class=\"elementor-container elementor-column-gap-default\">\n\t\t\t\t\t<div class=\"elementor-column elementor-col-100 elementor-top-column elementor-element elementor-element-766d362\" data-id=\"766d362\" data-element_type=\"column\">\n\t\t\t<div class=\"elementor-widget-wrap elementor-element-populated\">\n\t\t\t\t\t\t<div class=\"elementor-element elementor-element-9b922c5 elementor-widget elementor-widget-text-editor\" data-id=\"9b922c5\" data-element_type=\"widget\" data-widget_type=\"text-editor.default\">\n\t\t\t\t<div class=\"elementor-widget-container\">\n\t\t\t\t\t\t\t<h3 style=\"text-align: center;\"><span style=\"color: #f9b44d;\"><strong>Energie Massagen<\/strong><\/span><\/h3><p>Fliessende Bewegungen <strong>massieren kr<\/strong><strong>aftvoll sowie sanft<\/strong> und gehen in eine Verbindung mit deinen angestaute Anspannungen. Alles wird wieder\u00a0<strong>weicher und fliessender<\/strong>, sodass sich eine <strong>Leichtigkeit<\/strong> in deinem K\u00f6rper einstellt.<\/p><p>Dabei beziehe ich deine Energiefl\u00fcsse\u00a0im Zusammenspiel von Muskel und Energiezentren mit ein. Es stellt sich eine sp\u00fcrbare\u00a0<strong>Harmonie auf allen Ebenen ein, <\/strong>wie ein\u00a0<strong>l\u00f6sendes aufatmen<\/strong> durch deinen K\u00f6rper und Geist.\u00a0<strong>Stauungen l\u00f6sen sich auf<\/strong> und du tankst Energie durch eine Tiefenentspannung.<\/p><p>Das wieder bei sich sein in allen Freuden und Pflichten im Alltag geht in eine <strong>kraftvolle Klarheit und Leichtigkeit<\/strong>. Eine wundervolle Belebung f\u00fcr K\u00f6rper und Geist.<\/p><p><strong>Preise<\/strong><\/p><ul><li>R\u00fcckenmassage Dauer 40 min Preis 45,- \u20ac<\/li><li>Gesicht-Nacken-Decolette Dauer 40 min. Preis 45,- \u20ac<\/li><li>R\u00fcckenmassage mit Gesicht-Nacken-Decolette Dauer 80 min Preis 85,- \u20ac<\/li><\/ul><p>Preise inkl. Nachruhen und Nachgespr\u00e4ch 10 min per Telefon.<\/p><p>Ich freue mich auf dich!<\/p><p>Deine Daniela D\u00f6rnert<\/p>\t\t\t\t\t\t<\/div>\n\t\t\t\t<\/div>\n\t\t\t\t\t<\/div>\n\t\t<\/div>\n\t\t\t\t\t<\/div>\n\t\t<\/section>\n\t\t\t\t<section class=\"elementor-section elementor-top-section elementor-element elementor-element-79a8ef3 elementor-section-boxed elementor-section-height-default elementor-section-height-default\" data-id=\"79a8ef3\" data-element_type=\"section\">\n\t\t\t\t\t\t<div class=\"elementor-container elementor-column-gap-default\">\n\t\t\t\t\t<div class=\"elementor-column elementor-col-100 elementor-top-column elementor-element elementor-element-7ab3dc9\" data-id=\"7ab3dc9\" data-element_type=\"column\">\n\t\t\t<div class=\"elementor-widget-wrap elementor-element-populated\">\n\t\t\t\t\t\t<div class=\"elementor-element elementor-element-9f47249 elementor-drop-cap-yes elementor-drop-cap-view-default elementor-widget elementor-widget-text-editor\" data-id=\"9f47249\" data-element_type=\"widget\" data-settings=\"{&quot;drop_cap&quot;:&quot;yes&quot;}\" data-widget_type=\"text-editor.default\">\n\t\t\t\t<div class=\"elementor-widget-container\">\n\t\t\t\t\t\t\t<h3 style=\"text-align: center;\"><span style=\"color: #f9b44d;\"><strong>Energie Kick Gesichtsbehandlung f\u00fcr das Strahlen von Innen und Aussen<\/strong><\/span><\/h3><p>\u00a0<\/p><p style=\"text-align: center;\">Deine gro\u00dfe Anti-Stress-Heil-Behandlung f\u00fcr das Gesicht und Dekollet\u00e9.<\/p><p>Eine auf <strong>deine Bed\u00fcrfnisse abgestimmte Frische Kosmetik belebt<\/strong> dein Gesicht, Hals und Dekollet\u00e9 und l\u00e4sst dein Gesicht ebenm\u00e4\u00dfig strahlen.<\/p><p>Ich beziehe bei der Behandlung Emotionale Stress Punkte mit ein, die den <strong>gespeicherten Stress abl\u00f6sen<\/strong> und deine Meridiane positiv in ihrem Energiefluss beeinflussen.<\/p><p>Die gro\u00dfe<strong> 30 min. Gesicht-Nacken-Schulter-Dekollet\u00e9 Massage sorgt f\u00fcr eine wohlige Tiefentspannung<\/strong> und Beweglichkeit sodass dein Strahlen von Innen und Aussen intensiviert wird.<\/p><ul><li>Dauer 70 min Preis 89,- \u20ac<\/li><\/ul><p>Preise inkl. Nachruhen und Nachgespr\u00e4ch 10 min per Telefon.<\/p><p>Ich freue mich auf dich!<\/p><p>Deine Daniela D\u00f6rnert<\/p>\t\t\t\t\t\t<\/div>\n\t\t\t\t<\/div>\n\t\t\t\t\t<\/div>\n\t\t<\/div>\n\t\t\t\t\t<\/div>\n\t\t<\/section>\n\t\t\t\t<section class=\"elementor-section elementor-top-section elementor-element elementor-element-c92aad4 elementor-section-boxed elementor-section-height-default elementor-section-height-default\" data-id=\"c92aad4\" data-element_type=\"section\">\n\t\t\t\t\t\t<div class=\"elementor-container elementor-column-gap-default\">\n\t\t\t\t\t<div class=\"elementor-column elementor-col-100 elementor-top-column elementor-element elementor-element-62464b1\" data-id=\"62464b1\" data-element_type=\"column\">\n\t\t\t<div class=\"elementor-widget-wrap elementor-element-populated\">\n\t\t\t\t\t\t<div class=\"elementor-element elementor-element-ccb0a98 elementor-widget elementor-widget-spacer\" data-id=\"ccb0a98\" data-element_type=\"widget\" data-widget_type=\"spacer.default\">\n\t\t\t\t<div class=\"elementor-widget-container\">\n\t\t\t\t\t<div class=\"elementor-spacer\">\n\t\t\t<div class=\"elementor-spacer-inner\"><\/div>\n\t\t<\/div>\n\t\t\t\t<\/div>\n\t\t\t\t<\/div>\n\t\t\t\t\t<\/div>\n\t\t<\/div>\n\t\t\t\t\t<\/div>\n\t\t<\/section>\n\t\t\t\t<section class=\"elementor-section elementor-top-section elementor-element elementor-element-913e06c elementor-section-boxed elementor-section-height-default elementor-section-height-default\" data-id=\"913e06c\" data-element_type=\"section\">\n\t\t\t\t\t\t<div class=\"elementor-container elementor-column-gap-default\">\n\t\t\t\t\t<div class=\"elementor-column elementor-col-100 elementor-top-column elementor-element elementor-element-ffe0898\" data-id=\"ffe0898\" data-element_type=\"column\">\n\t\t\t<div class=\"elementor-widget-wrap elementor-element-populated\">\n\t\t\t\t\t\t<div class=\"elementor-element elementor-element-f74a450 elementor-widget elementor-widget-text-editor\" data-id=\"f74a450\" data-element_type=\"widget\" data-widget_type=\"text-editor.default\">\n\t\t\t\t<div class=\"elementor-widget-container\">\n\t\t\t\t\t\t\t<h3 style=\"text-align: center;\"><span style=\"color: #f9b44d;\"><strong>Begleitende Kinesiologie<\/strong><\/span><\/h3><p style=\"text-align: center;\">Zur <strong>Wiederherstellung deiner Balance<\/strong> zwischen deinen Muskeln und Energiekreisl\u00e4ufen\/Meridiane durch das <strong>l\u00f6sen von Blockaden.<\/strong><\/p><p style=\"padding-left: 40px;\">Zum Abl\u00f6sen von Traumata, \u00c4ngsten, zur Aktivierung deiner Selbstheilungskr\u00e4fte, zur F\u00f6rderung von Konzentration, zur Unterst\u00fctzung vor Pr\u00fcfungen oder Pr\u00fcfungsangst, zum L\u00f6sen von Schmerzen, zur Zentrierung, Loslassen von Stress, f\u00fcr Ruhe &#8211; Harmonie &#8211; Gelassenheit, Kraft und aus der Mitte handeln, zur Klarheit bei Entscheidungen, bei Selbstzweifeln, bei Problemen\/Herausforederungen auf der Arbeit, Partnerschaftskonflikten, etc.\u00a0<\/p><p>Wir f\u00fchren ein Vorgespr\u00e4ch legen das f\u00fcr dich und <strong>dein Thema beste Ziel fest<\/strong>. Dann f\u00fchren die f\u00fcr dich beste Form einer Balance deiner Muskel und Energiekreisl\u00e4ufe durch.<\/p><p>Durch die wieder hergestellte Balance zu dem Thema geht deine K\u00f6rper in die Heilung und l\u00f6st den damit verbundenen emotionalen Stress ab und es <strong>stellt sich ein harmonischer Fluss ein.<\/strong><\/p><p>Gerne vereinbare ein kostenloses 10 min telefonisches Vorgespr\u00e4ch mit mir.<\/p><ul><li>Dauer ca. 60 min Preis 85,- \u20ac<\/li><\/ul><p>Preis inkl. kostenloses 10 min. Nachgespr\u00e4ch.<\/p><p>Ich freue mich auf Dich!\u00a0Deine Daniela D\u00f6rnert<\/p>\t\t\t\t\t\t<\/div>\n\t\t\t\t<\/div>\n\t\t\t\t\t<\/div>\n\t\t<\/div>\n\t\t\t\t\t<\/div>\n\t\t<\/section>\n\t\t\t\t<section class=\"elementor-section elementor-top-section elementor-element elementor-element-8bbf969 elementor-section-boxed elementor-section-height-default elementor-section-height-default\" data-id=\"8bbf969\" data-element_type=\"section\">\n\t\t\t\t\t\t<div class=\"elementor-container elementor-column-gap-default\">\n\t\t\t\t\t<div class=\"elementor-column elementor-col-100 elementor-top-column elementor-element elementor-element-ad43045\" data-id=\"ad43045\" data-element_type=\"column\">\n\t\t\t<div class=\"elementor-widget-wrap elementor-element-populated\">\n\t\t\t\t\t\t<div class=\"elementor-element elementor-element-69c9772 elementor-widget elementor-widget-spacer\" data-id=\"69c9772\" data-element_type=\"widget\" data-widget_type=\"spacer.default\">\n\t\t\t\t<div class=\"elementor-widget-container\">\n\t\t\t\t\t<div class=\"elementor-spacer\">\n\t\t\t<div class=\"elementor-spacer-inner\"><\/div>\n\t\t<\/div>\n\t\t\t\t<\/div>\n\t\t\t\t<\/div>\n\t\t\t\t\t<\/div>\n\t\t<\/div>\n\t\t\t\t\t<\/div>\n\t\t<\/section>\n\t\t\t\t<\/div>\n\t\t","protected":false},"excerpt":{"rendered":"<p>Energie Massagen Fliessende Bewegungen massieren kraftvoll sowie sanft und gehen in eine Verbindung mit deinen angestaute Anspannungen. Alles wird wieder\u00a0weicher und fliessender, sodass sich eine Leichtigkeit in deinem K\u00f6rper einstellt. Dabei beziehe ich deine Energiefl\u00fcsse\u00a0im Zusammenspiel von Muskel und Energiezentren mit ein. Es stellt sich eine sp\u00fcrbare\u00a0Harmonie auf allen Ebenen ein, wie ein\u00a0l\u00f6sendes aufatmen durch [&hellip;]<\/p>\n","protected":false},"author":1,"featured_media":0,"parent":0,"menu_order":0,"comment_status":"closed","ping_status":"closed","template":"","meta":{"ocean_post_layout":"full-screen","ocean_both_sidebars_style":"","ocean_both_sidebars_content_width":0,"ocean_both_sidebars_sidebars_width":0,"ocean_sidebar":"0","ocean_second_sidebar":"0","ocean_disable_margins":"enable","ocean_add_body_class":"","ocean_shortcode_before_top_bar":"","ocean_shortcode_after_top_bar":"","ocean_shortcode_before_header":"","ocean_shortcode_after_header":"","ocean_has_shortcode":"","ocean_shortcode_after_title":"","ocean_shortcode_before_footer_widgets":"","ocean_shortcode_after_footer_widgets":"","ocean_shortcode_before_footer_bottom":"","ocean_shortcode_after_footer_bottom":"","ocean_display_top_bar":"on","ocean_display_header":"on","ocean_header_style":"","ocean_center_header_left_menu":"0","ocean_custom_header_template":"0","ocean_custom_logo":0,"ocean_custom_retina_logo":0,"ocean_custom_logo_max_width":0,"ocean_custom_logo_tablet_max_width":0,"ocean_custom_logo_mobile_max_width":0,"ocean_custom_logo_max_height":0,"ocean_custom_logo_tablet_max_height":0,"ocean_custom_logo_mobile_max_height":0,"ocean_header_custom_menu":"0","ocean_menu_typo_font_family":"0","ocean_menu_typo_font_subset":"","ocean_menu_typo_font_size":0,"ocean_menu_typo_font_size_tablet":0,"ocean_menu_typo_font_size_mobile":0,"ocean_menu_typo_font_size_unit":"px","ocean_menu_typo_font_weight":"","ocean_menu_typo_font_weight_tablet":"","ocean_menu_typo_font_weight_mobile":"","ocean_menu_typo_transform":"","ocean_menu_typo_transform_tablet":"","ocean_menu_typo_transform_mobile":"","ocean_menu_typo_line_height":0,"ocean_menu_typo_line_height_tablet":0,"ocean_menu_typo_line_height_mobile":0,"ocean_menu_typo_line_height_unit":"","ocean_menu_typo_spacing":0,"ocean_menu_typo_spacing_tablet":0,"ocean_menu_typo_spacing_mobile":0,"ocean_menu_typo_spacing_unit":"","ocean_menu_link_color":"","ocean_menu_link_color_hover":"","ocean_menu_link_color_active":"","ocean_menu_link_background":"","ocean_menu_link_hover_background":"","ocean_menu_link_active_background":"","ocean_menu_social_links_bg":"","ocean_menu_social_hover_links_bg":"","ocean_menu_social_links_color":"","ocean_menu_social_hover_links_color":"","ocean_disable_title":"on","ocean_disable_heading":"default","ocean_post_title":"","ocean_post_subheading":"","ocean_post_title_style":"","ocean_post_title_background_color":"","ocean_post_title_background":0,"ocean_post_title_bg_image_position":"","ocean_post_title_bg_image_attachment":"","ocean_post_title_bg_image_repeat":"","ocean_post_title_bg_image_size":"","ocean_post_title_height":0,"ocean_post_title_bg_overlay":0.5,"ocean_post_title_bg_overlay_color":"","ocean_disable_breadcrumbs":"default","ocean_breadcrumbs_color":"","ocean_breadcrumbs_separator_color":"","ocean_breadcrumbs_links_color":"","ocean_breadcrumbs_links_hover_color":"","ocean_display_footer_widgets":"default","ocean_display_footer_bottom":"default","ocean_custom_footer_template":"0","footnotes":""},"_links":{"self":[{"href":"http:\/\/www.aussichselbstheraus.de\/index.php?rest_route=\/wp\/v2\/pages\/477"}],"collection":[{"href":"http:\/\/www.aussichselbstheraus.de\/index.php?rest_route=\/wp\/v2\/pages"}],"about":[{"href":"http:\/\/www.aussichselbstheraus.de\/index.php?rest_route=\/wp\/v2\/types\/page"}],"author":[{"embeddable":true,"href":"http:\/\/www.aussichselbstheraus.de\/index.php?rest_route=\/wp\/v2\/users\/1"}],"replies":[{"embeddable":true,"href":"http:\/\/www.aussichselbstheraus.de\/index.php?rest_route=%2Fwp%2Fv2%2Fcomments&post=477"}],"version-history":[{"count":65,"href":"http:\/\/www.aussichselbstheraus.de\/index.php?rest_route=\/wp\/v2\/pages\/477\/revisions"}],"predecessor-version":[{"id":1484,"href":"http:\/\/www.aussichselbstheraus.de\/index.php?rest_route=\/wp\/v2\/pages\/477\/revisions\/1484"}],"wp:attachment":[{"href":"http:\/\/www.aussichselbstheraus.de\/index.php?rest_route=%2Fwp%2Fv2%2Fmedia&parent=477"}],"curies":[{"name":"wp","href":"https:\/\/api.w.org\/{rel}","templated":true}]}}